{"id":3307,"date":"2020-01-23T16:49:08","date_gmt":"2020-01-23T16:49:08","guid":{"rendered":"https:\/\/whiteclinic.pt\/?page_id=3307"},"modified":"2025-01-15T01:37:27","modified_gmt":"2025-01-15T01:37:27","slug":"politica-de-privacidade","status":"publish","type":"page","link":"https:\/\/whiteclinic.pt\/pt-pt\/politica-de-privacidade\/","title":{"rendered":"Pol\u00edtica de Privacidade"},"content":{"rendered":"\t\t<div data-elementor-type=\"wp-page\" data-elementor-id=\"3307\" class=\"elementor elementor-3307\" data-elementor-post-type=\"page\">\n\t\t\t\t<div class=\"elementor-element elementor-element-8f89f6f e-flex e-con-boxed e-con e-parent\" data-id=\"8f89f6f\" data-element_type=\"container\">\n\t\t\t\t\t<div class=\"e-con-inner\">\n\t\t\t\t<div class=\"elementor-element elementor-element-4cfa70d elementor-widget elementor-widget-heading\" data-id=\"4cfa70d\" data-element_type=\"widget\" data-widget_type=\"heading.default\">\n\t\t\t\t<div class=\"elementor-widget-container\">\n\t\t\t\t\t<h1 class=\"elementor-heading-title elementor-size-default\">Pol\u00edtica de Privacidade<\/h1>\t\t\t\t<\/div>\n\t\t\t\t<\/div>\n\t\t\t\t<div class=\"elementor-element elementor-element-9eb3683 elementor-widget elementor-widget-text-editor\" data-id=\"9eb3683\" data-element_type=\"widget\" data-widget_type=\"text-editor.default\">\n\t\t\t\t<div class=\"elementor-widget-container\">\n\t\t\t\t\t\t\t\t\t<div class=\"fusion-title title fusion-title-1 fusion-sep-none fusion-title-text fusion-title-size-one\"><h1 class=\"fusion-responsive-typography-calculated\" data-fontsize=\"40\" data-lineheight=\"56.4px\"><b style=\"font-size: 16px;\">IDENTIFICA\u00c7\u00c3O DO RESPONS\u00c1VEL PELO TRATAMENTO DE DADOS<\/b><\/h1><\/div><div class=\"fusion-text fusion-text-2\"><ul><li>Empresa:\u00a0<b>Lifezest, S.A. (White Clinic)<\/b><\/li><li>Morada: Rua Dr. Ant\u00f3nio Loureiro Borges, ed. 5, 1\u00ba Andar, Arquipark, Miraflores 1495-131 Alg\u00e9s, Portugal<\/li><li>NIPC: 509872921<\/li><li>E-mail\/contacto: info@whiteclinic.pt<\/li><\/ul><div>\u00a0<\/div><p><b>INFORMA\u00c7\u00c3O E CONSENTIMENTO<\/b><\/p><p>O Regulamento Geral sobre a Prote\u00e7\u00e3o de Dados (Regulamento (UE) 2016\/679 do Parlamento Europeu e do Conselho de 27 de abril de 2016, (\u201cRGPD\u201d) e a Lei n.\u00ba 58\/2019, de 8 de agosto, asseguram a prote\u00e7\u00e3o das pessoas singulares no que diz respeito ao tratamento de dados pessoais e \u00e0 livre circula\u00e7\u00e3o desses dados na Uni\u00e3o Europeia.<\/p><p>Nos termos legais s\u00e3o considerados \u201cdados pessoais\u201d qualquer informa\u00e7\u00e3o, de qualquer natureza e independentemente do respetivo suporte, incluindo som e imagem, relativa a uma pessoa singular identificada ou identific\u00e1vel, pelo que a prote\u00e7\u00e3o n\u00e3o abrange os dados de pessoas coletivas.<\/p><p>\u00a0<\/p><p>Mediante a aceita\u00e7\u00e3o da presente Pol\u00edtica de Privacidade o utilizador presta o seu consentimento informado, expresso, livre e inequ\u00edvoco para que os dados pessoais fornecidos atrav\u00e9s do site\u00a0<a href=\"https:\/\/whiteclinic.pt\/\"><i>https:\/\/whiteclinic.pt\/<\/i><\/a>\u00a0sejam inclu\u00eddos num ficheiro da responsabilidade da\u00a0<b>Lifezest, S.A. (White Clinic)<\/b>, cujo tratamento nos termos da LPDP e do RGPD cumpre as medidas de seguran\u00e7a t\u00e9cnicas e organizativas adequadas.<\/p><p>\u00a0<\/p><p>A\u00a0<b>Lifezest, S.A. (White Clinic)<\/b>\u00a0mant\u00e9m uma base de dados com as marca\u00e7\u00f5es efetuadas atrav\u00e9s do formul\u00e1rio \u201cContactos\u201d. Os dados presentes nesta base s\u00e3o unicamente os dados prestados pelos pr\u00f3prios na altura do preenchimento do respetivo formul\u00e1rio, sendo recolhidos e tratados automaticamente pela\u00a0<b>Lifezest, S.A. (White Clinic)<\/b>\u00a0entidade respons\u00e1vel pelo correspondente ficheiro.<\/p><p>\u00a0<\/p><p>Em caso algum ser\u00e1 solicitada informa\u00e7\u00e3o sobre convic\u00e7\u00f5es filos\u00f3ficas ou pol\u00edticas, filia\u00e7\u00e3o partid\u00e1ria ou sindical, f\u00e9 religiosa, vida privada e origem racial ou \u00e9tnica bem como os dados relativos \u00e0 sa\u00fade e \u00e0 vida sexual, incluindo os dados gen\u00e9ticos.<\/p><p>Em caso algum levaremos a cabo qualquer das seguintes atividades com os dados pessoais que nos sejam facultados atrav\u00e9s deste site:<\/p><ul><li>Ceder a outras pessoas ou outras entidades, sem o consentimento pr\u00e9vio do titular dos dados;<\/li><li>Transferir para fora do Espa\u00e7o Econ\u00f3mico Europeu (EEE), sem o consentimento pr\u00e9vio do titular dos dados.<\/li><\/ul><div>\u00a0<\/div><p><b>FINALIDADES DO TRATAMENTO DE DADOS PESSOAIS<\/b><\/p><p>Os dados pessoais que tratamos atrav\u00e9s desta p\u00e1gina ser\u00e3o unicamente utilizados para as seguintes finalidades:<\/p><ol><li>Efetuar marca\u00e7\u00e3o de consulta m\u00e9dica.<\/li><\/ol><div>\u00a0<\/div><p>A\u00a0<b>Lifezest, S.A. (White Clinic)<\/b>\u00a0garante a confidencialidade de todos os dados fornecidos pelos seus clientes.\u00a0No momento da recolha dos dados pessoais, salvo nos campos em que for indicado o contr\u00e1rio, o utilizador poder\u00e1, voluntariamente, disponibilizar os dados pessoais, sem que a falta de resposta implique um decr\u00e9scimo na qualidade ou quantidade dos servi\u00e7os correspondentes (a menos que esteja indicada outra coisa). N\u00e3o obstante, a falta de resposta aos dados, considerados obrigat\u00f3rios, implicar\u00e1 a impossibilidade de aceder ao servi\u00e7o para o qual os dados foram solicitados.<\/p><p>\u00a0<\/p><p><b>CESS\u00c3O DE DADOS PESSOAIS<\/b><\/p><p><b>\u00a0<\/b><\/p><p>Por forma a poder cumprir com o objeto do presente website, a\u00a0<b>Lifezest, S.A. (White Clinic)<\/b>\u00a0ir\u00e1 ceder os seus dados pessoais a outras entidades, que os ir\u00e3o tratar, para as seguintes finalidades:<\/p><ul><li>Presta\u00e7\u00e3o dos servi\u00e7os contratados.<\/li><\/ul><p>As entidades a quem a\u00a0<b>Lifezest, S.A. (White Clinic)<\/b>\u00a0ir\u00e1 ceder os seus dados pessoais para os tratarem nos termos acima referidos ter\u00e3o a seguinte natureza:<\/p><ul><li>Entidades terceiras relacionadas com a presta\u00e7\u00e3o dos servi\u00e7os contratados.<\/li><\/ul><div>\u00a0<\/div><p><b>MEDIDAS DE SEGURAN\u00c7A<\/b><\/p><p><b>\u00a0<\/b><\/p><p>A\u00a0<b>Lifezest, S.A. (White Clinic)\u00a0<\/b>declara que implementou e continuar\u00e1 a implementar as medidas de seguran\u00e7a de natureza t\u00e9cnica e organizativa necess\u00e1rias para garantir a seguran\u00e7a dos dados de car\u00e1cter pessoal que lhe sejam fornecidos visando evitar a sua altera\u00e7\u00e3o, perda, tratamento e\/ou acesso n\u00e3o autorizado, tendo em conta o estado atual da tecnologia, a natureza dos dados armazenados e os riscos a que est\u00e3o expostos.<\/p><p>\u00a0<\/p><p>Os dados pessoais s\u00e3o tratados com o n\u00edvel de prote\u00e7\u00e3o legalmente exig\u00edvel para garantir a seguran\u00e7a dos mesmos e evitar a sua altera\u00e7\u00e3o, perda, tratamento ou acesso n\u00e3o autorizado, tendo em conta o estado da tecnologia, sendo o utilizador consciente e aceitando que as medidas de seguran\u00e7a em Internet n\u00e3o s\u00e3o inexpugn\u00e1veis.<\/p><p>\u00a0<\/p><p>A\u00a0<b>Lifezest, S.A. (White Clinic)<\/b>, sempre que aceda a qualquer dado pessoal, compromete-se a:<\/p><ul><li>Armazen\u00e1-los por interm\u00e9dio de medidas de seguran\u00e7a, legalmente exig\u00edveis, de natureza t\u00e9cnica e organizacional, que garantam a sua seguran\u00e7a, evitando assim a altera\u00e7\u00e3o, perda, tratamento ou acesso n\u00e3o autorizado, em conformidade com o estado da tecnologia em cada momento, a natureza dos dados e os poss\u00edveis riscos a que estejam expostos;<\/li><li>Utilizar os dados exclusivamente para as finalidades previamente definidas;<\/li><li>Certificar-se de que os dados s\u00e3o tratados unicamente pelos trabalhadores cuja interven\u00e7\u00e3o seja necess\u00e1ria para a presta\u00e7\u00e3o do servi\u00e7o estando os mesmos obrigados ao dever de sigilo e confidencialidade. Existindo a possibilidade de a informa\u00e7\u00e3o ser revelada a terceiros, estes devem ser obrigados a guardar a devida confidencialidade em conformidade com o previsto neste documento.<\/li><\/ul><p><b>\u00a0<\/b><\/p><p><b>EXERC\u00cdCIO DOS DIREITOS<\/b><\/p><p>\u00a0<\/p><p>De acordo com as disposi\u00e7\u00f5es da LDPD e do RGPD, o utilizador pode exercer a todo o tempo os seus direitos de acesso, retifica\u00e7\u00e3o, apagamento, limita\u00e7\u00e3o, oposi\u00e7\u00e3o e portabilidade, atrav\u00e9s de solicita\u00e7\u00e3o por qualquer dos seguintes meios:<\/p><ul><li>Morada: Rua Dr. Ant\u00f3nio Loureiro Borges, ed. 5, 1\u00ba Andar, Arquipark, Miraflores 1495-131 Alg\u00e9s, Portugal<\/li><li>E-mail: info@whiteclinic.pt<\/li><li>Telefone: 21 396 2727<\/li><\/ul><p>Caso deseje, a qualquer momento, deixar de fazer parte da base de dados da\u00a0<b>Lifezest, S.A. (White Clinic)<\/b>\u00a0poder\u00e1 exercer esse direito atrav\u00e9s destes contactos.<\/p><p><b>\u00a0<\/b><\/p><p><b>A<\/b><b>UTORIDADE DE CONTROLO<\/b><\/p><p class=\"p1\">Nos termos legais, o titular dos dados tem o direito de apresentar uma reclama\u00e7\u00e3o em mat\u00e9ria de prote\u00e7\u00e3o de dados pessoais \u00e0 autoridade de controlo competente, a Comiss\u00e3o Nacional de Prote\u00e7\u00e3o de Dados (CNPD)\u00a0<a href=\"http:\/\/www.cnpd.pt\/\">www.cnpd.pt.<\/a><\/p><\/div>\t\t\t\t\t\t\t\t<\/div>\n\t\t\t\t<\/div>\n\t\t\t\t\t<\/div>\n\t\t\t\t<\/div>\n\t\t\t\t<\/div>\n\t\t","protected":false},"excerpt":{"rendered":"<p>Pol\u00edtica de Privacidade IDENTIFICA\u00c7\u00c3O DO RESPONS\u00c1VEL PELO TRATAMENTO DE DADOS Empresa:\u00a0Lifezest, S.A. (White Clinic) Morada: Rua Dr. Ant\u00f3nio Loureiro Borges, ed. 5, 1\u00ba Andar, Arquipark, Miraflores 1495-131 Alg\u00e9s, Portugal NIPC: 509872921 E-mail\/contacto: info@whiteclinic.pt \u00a0 INFORMA\u00c7\u00c3O E CONSENTIMENTO O Regulamento Geral sobre a Prote\u00e7\u00e3o de Dados (Regulamento (UE) 2016\/679 do Parlamento Europeu e do Conselho de [&hellip;]<\/p>\n","protected":false},"author":10,"featured_media":0,"parent":0,"menu_order":0,"comment_status":"closed","ping_status":"closed","template":"","meta":{"footnotes":""},"class_list":["post-3307","page","type-page","status-publish","hentry"],"yoast_head":"<!-- This site is optimized with the Yoast SEO plugin v27.4 - https:\/\/yoast.com\/product\/yoast-seo-wordpress\/ -->\n<title>Pol\u00edtica de Privacidade - White Clinic<\/title>\n<meta name=\"robots\" content=\"index, follow, max-snippet:-1, max-image-preview:large, max-video-preview:-1\" \/>\n<link rel=\"canonical\" href=\"https:\/\/whiteclinic.pt\/pt-pt\/politica-de-privacidade\/\" \/>\n<meta property=\"og:locale\" content=\"pt_PT\" \/>\n<meta property=\"og:type\" content=\"article\" \/>\n<meta property=\"og:title\" content=\"Pol\u00edtica de Privacidade - White Clinic\" \/>\n<meta property=\"og:description\" content=\"Pol\u00edtica de Privacidade IDENTIFICA\u00c7\u00c3O DO RESPONS\u00c1VEL PELO TRATAMENTO DE DADOS Empresa:\u00a0Lifezest, S.A. (White Clinic) Morada: Rua Dr. Ant\u00f3nio Loureiro Borges, ed. 5, 1\u00ba Andar, Arquipark, Miraflores 1495-131 Alg\u00e9s, Portugal NIPC: 509872921 E-mail\/contacto: info@whiteclinic.pt \u00a0 INFORMA\u00c7\u00c3O E CONSENTIMENTO O Regulamento Geral sobre a Prote\u00e7\u00e3o de Dados (Regulamento (UE) 2016\/679 do Parlamento Europeu e do Conselho de [&hellip;]\" \/>\n<meta property=\"og:url\" content=\"https:\/\/whiteclinic.pt\/pt-pt\/politica-de-privacidade\/\" \/>\n<meta property=\"og:site_name\" content=\"White Clinic\" \/>\n<meta property=\"article:publisher\" content=\"https:\/\/www.facebook.com\/WhiteClinicTM\" \/>\n<meta property=\"article:modified_time\" content=\"2025-01-15T01:37:27+00:00\" \/>\n<meta name=\"twitter:card\" content=\"summary_large_image\" \/>\n<meta name=\"twitter:label1\" content=\"Tempo estimado de leitura\" \/>\n\t<meta name=\"twitter:data1\" content=\"5 minutos\" \/>\n<script type=\"application\/ld+json\" class=\"yoast-schema-graph\">{\"@context\":\"https:\\\/\\\/schema.org\",\"@graph\":[{\"@type\":\"WebPage\",\"@id\":\"https:\\\/\\\/whiteclinic.pt\\\/pt-pt\\\/politica-de-privacidade\\\/\",\"url\":\"https:\\\/\\\/whiteclinic.pt\\\/pt-pt\\\/politica-de-privacidade\\\/\",\"name\":\"Pol\u00edtica de Privacidade - White Clinic\",\"isPartOf\":{\"@id\":\"https:\\\/\\\/whiteclinic.pt\\\/pt-pt\\\/#website\"},\"datePublished\":\"2020-01-23T16:49:08+00:00\",\"dateModified\":\"2025-01-15T01:37:27+00:00\",\"breadcrumb\":{\"@id\":\"https:\\\/\\\/whiteclinic.pt\\\/pt-pt\\\/politica-de-privacidade\\\/#breadcrumb\"},\"inLanguage\":\"pt-PT\",\"potentialAction\":[{\"@type\":\"ReadAction\",\"target\":[\"https:\\\/\\\/whiteclinic.pt\\\/pt-pt\\\/politica-de-privacidade\\\/\"]}]},{\"@type\":\"BreadcrumbList\",\"@id\":\"https:\\\/\\\/whiteclinic.pt\\\/pt-pt\\\/politica-de-privacidade\\\/#breadcrumb\",\"itemListElement\":[{\"@type\":\"ListItem\",\"position\":1,\"name\":\"In\u00edcio\",\"item\":\"https:\\\/\\\/whiteclinic.pt\\\/pt-pt\\\/\"},{\"@type\":\"ListItem\",\"position\":2,\"name\":\"Pol\u00edtica de Privacidade\"}]},{\"@type\":\"WebSite\",\"@id\":\"https:\\\/\\\/whiteclinic.pt\\\/pt-pt\\\/#website\",\"url\":\"https:\\\/\\\/whiteclinic.pt\\\/pt-pt\\\/\",\"name\":\"White Clinic\",\"description\":\"Leader in Portugal | Creating Healthy Smiles\",\"publisher\":{\"@id\":\"https:\\\/\\\/whiteclinic.pt\\\/pt-pt\\\/#organization\"},\"potentialAction\":[{\"@type\":\"SearchAction\",\"target\":{\"@type\":\"EntryPoint\",\"urlTemplate\":\"https:\\\/\\\/whiteclinic.pt\\\/pt-pt\\\/?s={search_term_string}\"},\"query-input\":{\"@type\":\"PropertyValueSpecification\",\"valueRequired\":true,\"valueName\":\"search_term_string\"}}],\"inLanguage\":\"pt-PT\"},{\"@type\":\"Organization\",\"@id\":\"https:\\\/\\\/whiteclinic.pt\\\/pt-pt\\\/#organization\",\"name\":\"White Clinic\",\"url\":\"https:\\\/\\\/whiteclinic.pt\\\/pt-pt\\\/\",\"logo\":{\"@type\":\"ImageObject\",\"inLanguage\":\"pt-PT\",\"@id\":\"https:\\\/\\\/whiteclinic.pt\\\/pt-pt\\\/#\\\/schema\\\/logo\\\/image\\\/\",\"url\":\"https:\\\/\\\/whiteclinic.pt\\\/wp-content\\\/uploads\\\/2016\\\/04\\\/white_logo.png\",\"contentUrl\":\"https:\\\/\\\/whiteclinic.pt\\\/wp-content\\\/uploads\\\/2016\\\/04\\\/white_logo.png\",\"width\":166,\"height\":99,\"caption\":\"White Clinic\"},\"image\":{\"@id\":\"https:\\\/\\\/whiteclinic.pt\\\/pt-pt\\\/#\\\/schema\\\/logo\\\/image\\\/\"},\"sameAs\":[\"https:\\\/\\\/www.facebook.com\\\/WhiteClinicTM\",\"https:\\\/\\\/www.instagram.com\\\/whiteclinic\\\/\",\"https:\\\/\\\/www.linkedin.com\\\/in\\\/miguel-stanley-4b38234b?originalSubdomain=pt\",\"https:\\\/\\\/www.youtube.com\\\/channel\\\/UCvj_o8-yreE7I_4QfuSNLYA?sub_confirmation=1\"]}]}<\/script>\n<!-- \/ Yoast SEO plugin. -->","yoast_head_json":{"title":"Pol\u00edtica de Privacidade - White Clinic","robots":{"index":"index","follow":"follow","max-snippet":"max-snippet:-1","max-image-preview":"max-image-preview:large","max-video-preview":"max-video-preview:-1"},"canonical":"https:\/\/whiteclinic.pt\/pt-pt\/politica-de-privacidade\/","og_locale":"pt_PT","og_type":"article","og_title":"Pol\u00edtica de Privacidade - White Clinic","og_description":"Pol\u00edtica de Privacidade IDENTIFICA\u00c7\u00c3O DO RESPONS\u00c1VEL PELO TRATAMENTO DE DADOS Empresa:\u00a0Lifezest, S.A. (White Clinic) Morada: Rua Dr. Ant\u00f3nio Loureiro Borges, ed. 5, 1\u00ba Andar, Arquipark, Miraflores 1495-131 Alg\u00e9s, Portugal NIPC: 509872921 E-mail\/contacto: info@whiteclinic.pt \u00a0 INFORMA\u00c7\u00c3O E CONSENTIMENTO O Regulamento Geral sobre a Prote\u00e7\u00e3o de Dados (Regulamento (UE) 2016\/679 do Parlamento Europeu e do Conselho de [&hellip;]","og_url":"https:\/\/whiteclinic.pt\/pt-pt\/politica-de-privacidade\/","og_site_name":"White Clinic","article_publisher":"https:\/\/www.facebook.com\/WhiteClinicTM","article_modified_time":"2025-01-15T01:37:27+00:00","twitter_card":"summary_large_image","twitter_misc":{"Tempo estimado de leitura":"5 minutos"},"schema":{"@context":"https:\/\/schema.org","@graph":[{"@type":"WebPage","@id":"https:\/\/whiteclinic.pt\/pt-pt\/politica-de-privacidade\/","url":"https:\/\/whiteclinic.pt\/pt-pt\/politica-de-privacidade\/","name":"Pol\u00edtica de Privacidade - White Clinic","isPartOf":{"@id":"https:\/\/whiteclinic.pt\/pt-pt\/#website"},"datePublished":"2020-01-23T16:49:08+00:00","dateModified":"2025-01-15T01:37:27+00:00","breadcrumb":{"@id":"https:\/\/whiteclinic.pt\/pt-pt\/politica-de-privacidade\/#breadcrumb"},"inLanguage":"pt-PT","potentialAction":[{"@type":"ReadAction","target":["https:\/\/whiteclinic.pt\/pt-pt\/politica-de-privacidade\/"]}]},{"@type":"BreadcrumbList","@id":"https:\/\/whiteclinic.pt\/pt-pt\/politica-de-privacidade\/#breadcrumb","itemListElement":[{"@type":"ListItem","position":1,"name":"In\u00edcio","item":"https:\/\/whiteclinic.pt\/pt-pt\/"},{"@type":"ListItem","position":2,"name":"Pol\u00edtica de Privacidade"}]},{"@type":"WebSite","@id":"https:\/\/whiteclinic.pt\/pt-pt\/#website","url":"https:\/\/whiteclinic.pt\/pt-pt\/","name":"White Clinic","description":"Leader in Portugal | Creating Healthy Smiles","publisher":{"@id":"https:\/\/whiteclinic.pt\/pt-pt\/#organization"},"potentialAction":[{"@type":"SearchAction","target":{"@type":"EntryPoint","urlTemplate":"https:\/\/whiteclinic.pt\/pt-pt\/?s={search_term_string}"},"query-input":{"@type":"PropertyValueSpecification","valueRequired":true,"valueName":"search_term_string"}}],"inLanguage":"pt-PT"},{"@type":"Organization","@id":"https:\/\/whiteclinic.pt\/pt-pt\/#organization","name":"White Clinic","url":"https:\/\/whiteclinic.pt\/pt-pt\/","logo":{"@type":"ImageObject","inLanguage":"pt-PT","@id":"https:\/\/whiteclinic.pt\/pt-pt\/#\/schema\/logo\/image\/","url":"https:\/\/whiteclinic.pt\/wp-content\/uploads\/2016\/04\/white_logo.png","contentUrl":"https:\/\/whiteclinic.pt\/wp-content\/uploads\/2016\/04\/white_logo.png","width":166,"height":99,"caption":"White Clinic"},"image":{"@id":"https:\/\/whiteclinic.pt\/pt-pt\/#\/schema\/logo\/image\/"},"sameAs":["https:\/\/www.facebook.com\/WhiteClinicTM","https:\/\/www.instagram.com\/whiteclinic\/","https:\/\/www.linkedin.com\/in\/miguel-stanley-4b38234b?originalSubdomain=pt","https:\/\/www.youtube.com\/channel\/UCvj_o8-yreE7I_4QfuSNLYA?sub_confirmation=1"]}]}},"_links":{"self":[{"href":"https:\/\/whiteclinic.pt\/pt-pt\/wp-json\/wp\/v2\/pages\/3307","targetHints":{"allow":["GET"]}}],"collection":[{"href":"https:\/\/whiteclinic.pt\/pt-pt\/wp-json\/wp\/v2\/pages"}],"about":[{"href":"https:\/\/whiteclinic.pt\/pt-pt\/wp-json\/wp\/v2\/types\/page"}],"author":[{"embeddable":true,"href":"https:\/\/whiteclinic.pt\/pt-pt\/wp-json\/wp\/v2\/users\/10"}],"replies":[{"embeddable":true,"href":"https:\/\/whiteclinic.pt\/pt-pt\/wp-json\/wp\/v2\/comments?post=3307"}],"version-history":[{"count":0,"href":"https:\/\/whiteclinic.pt\/pt-pt\/wp-json\/wp\/v2\/pages\/3307\/revisions"}],"wp:attachment":[{"href":"https:\/\/whiteclinic.pt\/pt-pt\/wp-json\/wp\/v2\/media?parent=3307"}],"curies":[{"name":"wp","href":"https:\/\/api.w.org\/{rel}","templated":true}]}}