{"id":11620,"date":"2025-11-14T12:24:59","date_gmt":"2025-11-14T12:24:59","guid":{"rendered":"https:\/\/whiteclinic.pt\/?page_id=11620"},"modified":"2025-11-14T12:27:56","modified_gmt":"2025-11-14T12:27:56","slug":"quiz-crescimento-facial","status":"publish","type":"page","link":"https:\/\/whiteclinic.pt\/pt-pt\/quiz-crescimento-facial\/","title":{"rendered":"Quiz Crescimento Facial"},"content":{"rendered":"\t\t<div data-elementor-type=\"wp-page\" data-elementor-id=\"11620\" class=\"elementor elementor-11620\" data-elementor-post-type=\"page\">\n\t\t\t\t<div class=\"elementor-element elementor-element-d79dc9a e-flex e-con-boxed e-con e-parent\" data-id=\"d79dc9a\" data-element_type=\"container\">\n\t\t\t\t\t<div class=\"e-con-inner\">\n\t\t\t\t<div class=\"elementor-element elementor-element-c42b040 elementor-button-align-start button-effect-banner-paediatric-facial-growth-2 pediatric-growth-form animated-slow elementor-invisible elementor-widget elementor-widget-form\" data-id=\"c42b040\" data-element_type=\"widget\" data-settings=\"{&quot;step_next_label&quot;:&quot;Next&quot;,&quot;step_previous_label&quot;:&quot;Previous&quot;,&quot;_animation&quot;:&quot;fadeInUp&quot;,&quot;button_width&quot;:&quot;100&quot;,&quot;step_type&quot;:&quot;number_text&quot;,&quot;step_icon_shape&quot;:&quot;circle&quot;}\" data-widget_type=\"form.default\">\n\t\t\t\t<div class=\"elementor-widget-container\">\n\t\t\t\t\t\t\t<form class=\"elementor-form\" method=\"post\" name=\"Quiz de Riscos form\" aria-label=\"Quiz de Riscos form\">\n\t\t\t<input type=\"hidden\" name=\"post_id\" value=\"11620\"\/>\n\t\t\t<input type=\"hidden\" name=\"form_id\" value=\"c42b040\"\/>\n\t\t\t<input type=\"hidden\" name=\"referer_title\" value=\"White Clinic\" \/>\n\n\t\t\t\n\t\t\t<div class=\"elementor-form-fields-wrapper elementor-labels-above\">\n\t\t\t\t\t\t\t\t<div class=\"elementor-field-type-text elementor-field-group elementor-column elementor-field-group-name elementor-col-100 elementor-field-required\">\n\t\t\t\t\t\t\t\t\t\t\t\t<label for=\"form-field-name\" class=\"elementor-field-label\">\n\t\t\t\t\t\t\t\tNome (*)\t\t\t\t\t\t\t<\/label>\n\t\t\t\t\t\t\t\t\t\t\t\t\t\t<input size=\"1\" type=\"text\" name=\"form_fields[name]\" id=\"form-field-name\" class=\"elementor-field elementor-size-sm  elementor-field-textual\" required=\"required\">\n\t\t\t\t\t\t\t\t\t\t\t<\/div>\n\t\t\t\t\t\t\t\t<div class=\"elementor-field-type-email elementor-field-group elementor-column elementor-field-group-email elementor-col-50 elementor-field-required\">\n\t\t\t\t\t\t\t\t\t\t\t\t<label for=\"form-field-email\" class=\"elementor-field-label\">\n\t\t\t\t\t\t\t\tE-mail (*) \t\t\t\t\t\t\t<\/label>\n\t\t\t\t\t\t\t\t\t\t\t\t\t\t<input size=\"1\" type=\"email\" name=\"form_fields[email]\" id=\"form-field-email\" class=\"elementor-field elementor-size-sm  elementor-field-textual\" required=\"required\">\n\t\t\t\t\t\t\t\t\t\t\t<\/div>\n\t\t\t\t\t\t\t\t<div class=\"elementor-field-type-tel elementor-field-group elementor-column elementor-field-group-field_c6fd77e elementor-col-50 elementor-field-required\">\n\t\t\t\t\t\t\t\t\t\t\t\t<label for=\"form-field-field_c6fd77e\" class=\"elementor-field-label\">\n\t\t\t\t\t\t\t\tTelefone (*)\t\t\t\t\t\t\t<\/label>\n\t\t\t\t\t\t\t\t<input size=\"1\" type=\"tel\" name=\"form_fields[field_c6fd77e]\" id=\"form-field-field_c6fd77e\" class=\"elementor-field elementor-size-sm  elementor-field-textual\" required=\"required\" pattern=\"[0-9()#&amp;+*-=.]+\" title=\"Only numbers and phone characters (#, -, *, etc) are accepted.\">\n\n\t\t\t\t\t\t<\/div>\n\t\t\t\t\t\t\t\t<div class=\"elementor-field-type-select elementor-field-group elementor-column elementor-field-group-field_fc7cc4d elementor-col-50 elementor-field-required\">\n\t\t\t\t\t\t\t\t\t\t\t\t<label for=\"form-field-field_fc7cc4d\" class=\"elementor-field-label\">\n\t\t\t\t\t\t\t\tO seu filho ressona e\/ou consegue ouvi-lo respirar? (*)\t\t\t\t\t\t\t<\/label>\n\t\t\t\t\t\t\t\t<div class=\"elementor-field elementor-select-wrapper remove-before \">\n\t\t\t<div class=\"select-caret-down-wrapper\">\n\t\t\t\t<svg aria-hidden=\"true\" class=\"e-font-icon-svg e-eicon-caret-down\" viewBox=\"0 0 571.4 571.4\" xmlns=\"http:\/\/www.w3.org\/2000\/svg\"><path d=\"M571 393Q571 407 561 418L311 668Q300 679 286 679T261 668L11 418Q0 407 0 393T11 368 36 357H536Q550 357 561 368T571 393Z\"><\/path><\/svg>\t\t\t<\/div>\n\t\t\t<select name=\"form_fields[field_fc7cc4d]\" id=\"form-field-field_fc7cc4d\" class=\"elementor-field-textual elementor-size-sm\" required=\"required\">\n\t\t\t\t\t\t\t\t\t<option value=\"Sim\">Sim<\/option>\n\t\t\t\t\t\t\t\t\t<option value=\"N\u00e3o\">N\u00e3o<\/option>\n\t\t\t\t\t\t\t<\/select>\n\t\t<\/div>\n\t\t\t\t\t\t<\/div>\n\t\t\t\t\t\t\t\t<div class=\"elementor-field-type-select elementor-field-group elementor-column elementor-field-group-field_14bae30 elementor-col-50 elementor-field-required\">\n\t\t\t\t\t\t\t\t\t\t\t\t<label for=\"form-field-field_14bae30\" class=\"elementor-field-label\">\n\t\t\t\t\t\t\t\tO seu filho \u00e9 hiperactivo e\/ou tem dificuldade em concentrar-se? (*)\t\t\t\t\t\t\t<\/label>\n\t\t\t\t\t\t\t\t<div class=\"elementor-field elementor-select-wrapper remove-before \">\n\t\t\t<div class=\"select-caret-down-wrapper\">\n\t\t\t\t<svg aria-hidden=\"true\" class=\"e-font-icon-svg e-eicon-caret-down\" viewBox=\"0 0 571.4 571.4\" xmlns=\"http:\/\/www.w3.org\/2000\/svg\"><path d=\"M571 393Q571 407 561 418L311 668Q300 679 286 679T261 668L11 418Q0 407 0 393T11 368 36 357H536Q550 357 561 368T571 393Z\"><\/path><\/svg>\t\t\t<\/div>\n\t\t\t<select name=\"form_fields[field_14bae30]\" id=\"form-field-field_14bae30\" class=\"elementor-field-textual elementor-size-sm\" required=\"required\">\n\t\t\t\t\t\t\t\t\t<option value=\"Sim\">Sim<\/option>\n\t\t\t\t\t\t\t\t\t<option value=\"N\u00e3o\">N\u00e3o<\/option>\n\t\t\t\t\t\t\t<\/select>\n\t\t<\/div>\n\t\t\t\t\t\t<\/div>\n\t\t\t\t\t\t\t\t<div class=\"elementor-field-type-select elementor-field-group elementor-column elementor-field-group-message elementor-col-50 elementor-field-required\">\n\t\t\t\t\t\t\t\t\t\t\t\t<label for=\"form-field-message\" class=\"elementor-field-label\">\n\t\t\t\t\t\t\t\tO seu filho tem dentes tortos? (*)\t\t\t\t\t\t\t<\/label>\n\t\t\t\t\t\t\t\t<div class=\"elementor-field elementor-select-wrapper remove-before \">\n\t\t\t<div class=\"select-caret-down-wrapper\">\n\t\t\t\t<svg aria-hidden=\"true\" class=\"e-font-icon-svg e-eicon-caret-down\" viewBox=\"0 0 571.4 571.4\" xmlns=\"http:\/\/www.w3.org\/2000\/svg\"><path d=\"M571 393Q571 407 561 418L311 668Q300 679 286 679T261 668L11 418Q0 407 0 393T11 368 36 357H536Q550 357 561 368T571 393Z\"><\/path><\/svg>\t\t\t<\/div>\n\t\t\t<select name=\"form_fields[message]\" id=\"form-field-message\" class=\"elementor-field-textual elementor-size-sm\" required=\"required\">\n\t\t\t\t\t\t\t\t\t<option value=\"Sim\">Sim<\/option>\n\t\t\t\t\t\t\t\t\t<option value=\"N\u00e3o\">N\u00e3o<\/option>\n\t\t\t\t\t\t\t<\/select>\n\t\t<\/div>\n\t\t\t\t\t\t<\/div>\n\t\t\t\t\t\t\t\t<div class=\"elementor-field-type-select elementor-field-group elementor-column elementor-field-group-field_155b5f7 elementor-col-50 elementor-field-required\">\n\t\t\t\t\t\t\t\t\t\t\t\t<label for=\"form-field-field_155b5f7\" class=\"elementor-field-label\">\n\t\t\t\t\t\t\t\tO seu filho range os dentes? (*)\t\t\t\t\t\t\t<\/label>\n\t\t\t\t\t\t\t\t<div class=\"elementor-field elementor-select-wrapper remove-before \">\n\t\t\t<div class=\"select-caret-down-wrapper\">\n\t\t\t\t<svg aria-hidden=\"true\" class=\"e-font-icon-svg e-eicon-caret-down\" viewBox=\"0 0 571.4 571.4\" xmlns=\"http:\/\/www.w3.org\/2000\/svg\"><path d=\"M571 393Q571 407 561 418L311 668Q300 679 286 679T261 668L11 418Q0 407 0 393T11 368 36 357H536Q550 357 561 368T571 393Z\"><\/path><\/svg>\t\t\t<\/div>\n\t\t\t<select name=\"form_fields[field_155b5f7]\" id=\"form-field-field_155b5f7\" class=\"elementor-field-textual elementor-size-sm\" required=\"required\">\n\t\t\t\t\t\t\t\t\t<option value=\"Sim\">Sim<\/option>\n\t\t\t\t\t\t\t\t\t<option value=\"N\u00e3o\">N\u00e3o<\/option>\n\t\t\t\t\t\t\t<\/select>\n\t\t<\/div>\n\t\t\t\t\t\t<\/div>\n\t\t\t\t\t\t\t\t<div class=\"elementor-field-type-select elementor-field-group elementor-column elementor-field-group-field_433d962 elementor-col-100 elementor-field-required\">\n\t\t\t\t\t\t\t\t\t\t\t\t<label for=\"form-field-field_433d962\" class=\"elementor-field-label\">\n\t\t\t\t\t\t\t\tO seu filho acorda frequentemente durante a noite ou fica muito cansado durante o dia? (*)\t\t\t\t\t\t\t<\/label>\n\t\t\t\t\t\t\t\t<div class=\"elementor-field elementor-select-wrapper remove-before \">\n\t\t\t<div class=\"select-caret-down-wrapper\">\n\t\t\t\t<svg aria-hidden=\"true\" class=\"e-font-icon-svg e-eicon-caret-down\" viewBox=\"0 0 571.4 571.4\" xmlns=\"http:\/\/www.w3.org\/2000\/svg\"><path d=\"M571 393Q571 407 561 418L311 668Q300 679 286 679T261 668L11 418Q0 407 0 393T11 368 36 357H536Q550 357 561 368T571 393Z\"><\/path><\/svg>\t\t\t<\/div>\n\t\t\t<select name=\"form_fields[field_433d962]\" id=\"form-field-field_433d962\" class=\"elementor-field-textual elementor-size-sm\" required=\"required\">\n\t\t\t\t\t\t\t\t\t<option value=\"Sim\">Sim<\/option>\n\t\t\t\t\t\t\t\t\t<option value=\"N\u00e3o\">N\u00e3o<\/option>\n\t\t\t\t\t\t\t<\/select>\n\t\t<\/div>\n\t\t\t\t\t\t<\/div>\n\t\t\t\t\t\t\t\t<div class=\"elementor-field-type-html elementor-field-group elementor-column elementor-field-group-field_6a208a5 elementor-col-100\">\n\t\t\t\t\tSe respondeu SIM a qualquer uma destas perguntas, ent\u00e3o o seu filho \u00e9 muito provavelmente um candidato ao nosso aparelho oral. Marque hoje uma avalia\u00e7\u00e3o completa do Crescimento Facial Pedi\u00e1trico e Sa\u00fade das Vias A\u00e9reas.\n\n\n\t\t\t\t<\/div>\n\t\t\t\t\t\t\t\t<div class=\"elementor-field-type-acceptance elementor-field-group elementor-column elementor-field-group-field_284fcc4 elementor-col-100 elementor-field-required\">\n\t\t\t\t\t\t\t<div class=\"elementor-field-subgroup\">\n\t\t\t<span class=\"elementor-field-option\">\n\t\t\t\t<input type=\"checkbox\" name=\"form_fields[field_284fcc4]\" id=\"form-field-field_284fcc4\" class=\"elementor-field elementor-size-sm  elementor-acceptance-field\" required=\"required\">\n\t\t\t\t<label for=\"form-field-field_284fcc4\">Li e aceito a Pol\u00edtica de Privacidade e Cookies. (*)<\/label>\t\t\t<\/span>\n\t\t<\/div>\n\t\t\t\t\t\t<\/div>\n\t\t\t\t\t\t\t\t<div class=\"elementor-field-type-acceptance elementor-field-group elementor-column elementor-field-group-field_7fe92b9 elementor-col-100\">\n\t\t\t\t\t\t\t<div class=\"elementor-field-subgroup\">\n\t\t\t<span class=\"elementor-field-option\">\n\t\t\t\t<input type=\"checkbox\" name=\"form_fields[field_7fe92b9]\" id=\"form-field-field_7fe92b9\" class=\"elementor-field elementor-size-sm  elementor-acceptance-field\">\n\t\t\t\t<label for=\"form-field-field_7fe92b9\">Quero receber novidades da White Clinic.<\/label>\t\t\t<\/span>\n\t\t<\/div>\n\t\t\t\t\t\t<\/div>\n\t\t\t\t\t\t\t\t<div class=\"elementor-field-type-html elementor-field-group elementor-column elementor-field-group-field_81bdf6a elementor-col-100\">\n\t\t\t\t\t(*) Campos obrigat\u00f3rios\t\t\t\t<\/div>\n\t\t\t\t\t\t\t\t<div class=\"elementor-field-type-recaptcha_v3 elementor-field-group elementor-column elementor-field-group-field_f703100 elementor-col-100 recaptcha_v3-bottomright\">\n\t\t\t\t\t<div class=\"elementor-field\" id=\"form-field-field_f703100\"><div class=\"elementor-g-recaptcha\" data-sitekey=\"6LcelQYqAAAAAFq63l-nsijnKs8AHHScxmve8GiC\" data-type=\"v3\" data-action=\"Form\" data-badge=\"bottomright\" data-size=\"invisible\"><\/div><\/div>\t\t\t\t<\/div>\n\t\t\t\t\t\t\t\t<div class=\"elementor-field-group elementor-column elementor-field-type-submit elementor-col-100 e-form__buttons\">\n\t\t\t\t\t<button class=\"elementor-button elementor-size-sm\" type=\"submit\">\n\t\t\t\t\t\t<span class=\"elementor-button-content-wrapper\">\n\t\t\t\t\t\t\t\t\t\t\t\t\t\t\t\t\t\t\t\t\t\t<span class=\"elementor-button-text\">Enviar<\/span>\n\t\t\t\t\t\t\t\t\t\t\t\t\t<\/span>\n\t\t\t\t\t<\/button>\n\t\t\t\t<\/div>\n\t\t\t<\/div>\n\t\t<\/form>\n\t\t\t\t\t\t<\/div>\n\t\t\t\t<\/div>\n\t\t\t\t\t<\/div>\n\t\t\t\t<\/div>\n\t\t\t\t<\/div>\n\t\t","protected":false},"excerpt":{"rendered":"","protected":false},"author":27,"featured_media":0,"parent":0,"menu_order":0,"comment_status":"closed","ping_status":"closed","template":"elementor_canvas","meta":{"footnotes":""},"class_list":["post-11620","page","type-page","status-publish","hentry"],"yoast_head":"<!-- This site is optimized with the Yoast SEO plugin v27.4 - https:\/\/yoast.com\/product\/yoast-seo-wordpress\/ -->\n<title>Quiz Crescimento Facial - White Clinic<\/title>\n<meta name=\"robots\" content=\"index, follow, max-snippet:-1, max-image-preview:large, max-video-preview:-1\" \/>\n<link rel=\"canonical\" href=\"https:\/\/whiteclinic.pt\/pt-pt\/quiz-crescimento-facial\/\" \/>\n<meta property=\"og:locale\" content=\"pt_PT\" \/>\n<meta property=\"og:type\" content=\"article\" \/>\n<meta property=\"og:title\" content=\"Quiz Crescimento Facial - White Clinic\" \/>\n<meta property=\"og:url\" content=\"https:\/\/whiteclinic.pt\/pt-pt\/quiz-crescimento-facial\/\" \/>\n<meta property=\"og:site_name\" content=\"White Clinic\" \/>\n<meta property=\"article:publisher\" content=\"https:\/\/www.facebook.com\/WhiteClinicTM\" \/>\n<meta property=\"article:modified_time\" content=\"2025-11-14T12:27:56+00:00\" \/>\n<meta name=\"twitter:card\" content=\"summary_large_image\" \/>\n<meta name=\"twitter:label1\" content=\"Tempo estimado de leitura\" \/>\n\t<meta name=\"twitter:data1\" content=\"1 minuto\" \/>\n<script type=\"application\/ld+json\" class=\"yoast-schema-graph\">{\"@context\":\"https:\\\/\\\/schema.org\",\"@graph\":[{\"@type\":\"WebPage\",\"@id\":\"https:\\\/\\\/whiteclinic.pt\\\/pt-pt\\\/quiz-crescimento-facial\\\/\",\"url\":\"https:\\\/\\\/whiteclinic.pt\\\/pt-pt\\\/quiz-crescimento-facial\\\/\",\"name\":\"Quiz Crescimento Facial - White Clinic\",\"isPartOf\":{\"@id\":\"https:\\\/\\\/whiteclinic.pt\\\/pt-pt\\\/#website\"},\"datePublished\":\"2025-11-14T12:24:59+00:00\",\"dateModified\":\"2025-11-14T12:27:56+00:00\",\"breadcrumb\":{\"@id\":\"https:\\\/\\\/whiteclinic.pt\\\/pt-pt\\\/quiz-crescimento-facial\\\/#breadcrumb\"},\"inLanguage\":\"pt-PT\",\"potentialAction\":[{\"@type\":\"ReadAction\",\"target\":[\"https:\\\/\\\/whiteclinic.pt\\\/pt-pt\\\/quiz-crescimento-facial\\\/\"]}]},{\"@type\":\"BreadcrumbList\",\"@id\":\"https:\\\/\\\/whiteclinic.pt\\\/pt-pt\\\/quiz-crescimento-facial\\\/#breadcrumb\",\"itemListElement\":[{\"@type\":\"ListItem\",\"position\":1,\"name\":\"In\u00edcio\",\"item\":\"https:\\\/\\\/whiteclinic.pt\\\/pt-pt\\\/\"},{\"@type\":\"ListItem\",\"position\":2,\"name\":\"Quiz Crescimento Facial\"}]},{\"@type\":\"WebSite\",\"@id\":\"https:\\\/\\\/whiteclinic.pt\\\/pt-pt\\\/#website\",\"url\":\"https:\\\/\\\/whiteclinic.pt\\\/pt-pt\\\/\",\"name\":\"White Clinic\",\"description\":\"Leader in Portugal | Creating Healthy Smiles\",\"publisher\":{\"@id\":\"https:\\\/\\\/whiteclinic.pt\\\/pt-pt\\\/#organization\"},\"potentialAction\":[{\"@type\":\"SearchAction\",\"target\":{\"@type\":\"EntryPoint\",\"urlTemplate\":\"https:\\\/\\\/whiteclinic.pt\\\/pt-pt\\\/?s={search_term_string}\"},\"query-input\":{\"@type\":\"PropertyValueSpecification\",\"valueRequired\":true,\"valueName\":\"search_term_string\"}}],\"inLanguage\":\"pt-PT\"},{\"@type\":\"Organization\",\"@id\":\"https:\\\/\\\/whiteclinic.pt\\\/pt-pt\\\/#organization\",\"name\":\"White Clinic\",\"url\":\"https:\\\/\\\/whiteclinic.pt\\\/pt-pt\\\/\",\"logo\":{\"@type\":\"ImageObject\",\"inLanguage\":\"pt-PT\",\"@id\":\"https:\\\/\\\/whiteclinic.pt\\\/pt-pt\\\/#\\\/schema\\\/logo\\\/image\\\/\",\"url\":\"https:\\\/\\\/whiteclinic.pt\\\/wp-content\\\/uploads\\\/2016\\\/04\\\/white_logo.png\",\"contentUrl\":\"https:\\\/\\\/whiteclinic.pt\\\/wp-content\\\/uploads\\\/2016\\\/04\\\/white_logo.png\",\"width\":166,\"height\":99,\"caption\":\"White Clinic\"},\"image\":{\"@id\":\"https:\\\/\\\/whiteclinic.pt\\\/pt-pt\\\/#\\\/schema\\\/logo\\\/image\\\/\"},\"sameAs\":[\"https:\\\/\\\/www.facebook.com\\\/WhiteClinicTM\",\"https:\\\/\\\/www.instagram.com\\\/whiteclinic\\\/\",\"https:\\\/\\\/www.linkedin.com\\\/in\\\/miguel-stanley-4b38234b?originalSubdomain=pt\",\"https:\\\/\\\/www.youtube.com\\\/channel\\\/UCvj_o8-yreE7I_4QfuSNLYA?sub_confirmation=1\"]}]}<\/script>\n<!-- \/ Yoast SEO plugin. -->","yoast_head_json":{"title":"Quiz Crescimento Facial - White Clinic","robots":{"index":"index","follow":"follow","max-snippet":"max-snippet:-1","max-image-preview":"max-image-preview:large","max-video-preview":"max-video-preview:-1"},"canonical":"https:\/\/whiteclinic.pt\/pt-pt\/quiz-crescimento-facial\/","og_locale":"pt_PT","og_type":"article","og_title":"Quiz Crescimento Facial - White Clinic","og_url":"https:\/\/whiteclinic.pt\/pt-pt\/quiz-crescimento-facial\/","og_site_name":"White Clinic","article_publisher":"https:\/\/www.facebook.com\/WhiteClinicTM","article_modified_time":"2025-11-14T12:27:56+00:00","twitter_card":"summary_large_image","twitter_misc":{"Tempo estimado de leitura":"1 minuto"},"schema":{"@context":"https:\/\/schema.org","@graph":[{"@type":"WebPage","@id":"https:\/\/whiteclinic.pt\/pt-pt\/quiz-crescimento-facial\/","url":"https:\/\/whiteclinic.pt\/pt-pt\/quiz-crescimento-facial\/","name":"Quiz Crescimento Facial - White Clinic","isPartOf":{"@id":"https:\/\/whiteclinic.pt\/pt-pt\/#website"},"datePublished":"2025-11-14T12:24:59+00:00","dateModified":"2025-11-14T12:27:56+00:00","breadcrumb":{"@id":"https:\/\/whiteclinic.pt\/pt-pt\/quiz-crescimento-facial\/#breadcrumb"},"inLanguage":"pt-PT","potentialAction":[{"@type":"ReadAction","target":["https:\/\/whiteclinic.pt\/pt-pt\/quiz-crescimento-facial\/"]}]},{"@type":"BreadcrumbList","@id":"https:\/\/whiteclinic.pt\/pt-pt\/quiz-crescimento-facial\/#breadcrumb","itemListElement":[{"@type":"ListItem","position":1,"name":"In\u00edcio","item":"https:\/\/whiteclinic.pt\/pt-pt\/"},{"@type":"ListItem","position":2,"name":"Quiz Crescimento Facial"}]},{"@type":"WebSite","@id":"https:\/\/whiteclinic.pt\/pt-pt\/#website","url":"https:\/\/whiteclinic.pt\/pt-pt\/","name":"White Clinic","description":"Leader in Portugal | Creating Healthy Smiles","publisher":{"@id":"https:\/\/whiteclinic.pt\/pt-pt\/#organization"},"potentialAction":[{"@type":"SearchAction","target":{"@type":"EntryPoint","urlTemplate":"https:\/\/whiteclinic.pt\/pt-pt\/?s={search_term_string}"},"query-input":{"@type":"PropertyValueSpecification","valueRequired":true,"valueName":"search_term_string"}}],"inLanguage":"pt-PT"},{"@type":"Organization","@id":"https:\/\/whiteclinic.pt\/pt-pt\/#organization","name":"White Clinic","url":"https:\/\/whiteclinic.pt\/pt-pt\/","logo":{"@type":"ImageObject","inLanguage":"pt-PT","@id":"https:\/\/whiteclinic.pt\/pt-pt\/#\/schema\/logo\/image\/","url":"https:\/\/whiteclinic.pt\/wp-content\/uploads\/2016\/04\/white_logo.png","contentUrl":"https:\/\/whiteclinic.pt\/wp-content\/uploads\/2016\/04\/white_logo.png","width":166,"height":99,"caption":"White Clinic"},"image":{"@id":"https:\/\/whiteclinic.pt\/pt-pt\/#\/schema\/logo\/image\/"},"sameAs":["https:\/\/www.facebook.com\/WhiteClinicTM","https:\/\/www.instagram.com\/whiteclinic\/","https:\/\/www.linkedin.com\/in\/miguel-stanley-4b38234b?originalSubdomain=pt","https:\/\/www.youtube.com\/channel\/UCvj_o8-yreE7I_4QfuSNLYA?sub_confirmation=1"]}]}},"_links":{"self":[{"href":"https:\/\/whiteclinic.pt\/pt-pt\/wp-json\/wp\/v2\/pages\/11620","targetHints":{"allow":["GET"]}}],"collection":[{"href":"https:\/\/whiteclinic.pt\/pt-pt\/wp-json\/wp\/v2\/pages"}],"about":[{"href":"https:\/\/whiteclinic.pt\/pt-pt\/wp-json\/wp\/v2\/types\/page"}],"author":[{"embeddable":true,"href":"https:\/\/whiteclinic.pt\/pt-pt\/wp-json\/wp\/v2\/users\/27"}],"replies":[{"embeddable":true,"href":"https:\/\/whiteclinic.pt\/pt-pt\/wp-json\/wp\/v2\/comments?post=11620"}],"version-history":[{"count":0,"href":"https:\/\/whiteclinic.pt\/pt-pt\/wp-json\/wp\/v2\/pages\/11620\/revisions"}],"wp:attachment":[{"href":"https:\/\/whiteclinic.pt\/pt-pt\/wp-json\/wp\/v2\/media?parent=11620"}],"curies":[{"name":"wp","href":"https:\/\/api.w.org\/{rel}","templated":true}]}}